{"id":3598,"date":"2025-05-14T14:16:12","date_gmt":"2025-05-14T14:16:12","guid":{"rendered":"https:\/\/www.corwik.com\/carrieres\/introduce-yourself\/"},"modified":"2025-08-22T13:35:22","modified_gmt":"2025-08-22T13:35:22","slug":"presentez-vous","status":"publish","type":"page","link":"https:\/\/www.corwik.com\/fr\/carrieres\/presentez-vous\/","title":{"rendered":"Pr\u00e9sentez-vous"},"content":{"rendered":"\t\t<div data-elementor-type=\"wp-page\" data-elementor-id=\"3598\" class=\"elementor elementor-3598 elementor-2831\" data-elementor-post-type=\"page\">\n\t\t\t\t<div class=\"elementor-element elementor-element-adf3400 e-con-full e-flex e-con e-parent\" data-id=\"adf3400\" data-element_type=\"container\" data-settings=\"{&quot;background_background&quot;:&quot;classic&quot;}\">\n\t\t<div class=\"elementor-element elementor-element-5f838a6 e-flex e-con-boxed e-con e-child\" data-id=\"5f838a6\" data-element_type=\"container\">\n\t\t\t\t\t<div class=\"e-con-inner\">\n\t\t\t\t\t<\/div>\n\t\t\t\t<\/div>\n\t\t\t\t<\/div>\n\t\t<div class=\"elementor-element elementor-element-e76969f e-con-full e-flex e-con e-parent\" data-id=\"e76969f\" data-element_type=\"container\">\n\t\t<div class=\"elementor-element elementor-element-5202854 e-flex e-con-boxed e-con e-child\" data-id=\"5202854\" data-element_type=\"container\">\n\t\t\t\t\t<div class=\"e-con-inner\">\n\t\t<div class=\"elementor-element elementor-element-0916177 e-con-full e-flex e-con e-child\" data-id=\"0916177\" data-element_type=\"container\">\n\t\t\t\t<div class=\"elementor-element elementor-element-3d86bcc elementor-widget elementor-widget-heading\" data-id=\"3d86bcc\" data-element_type=\"widget\" data-widget_type=\"heading.default\">\n\t\t\t\t<div class=\"elementor-widget-container\">\n\t\t\t\t\t<h2 class=\"elementor-heading-title elementor-size-default\">Vous avez envie de rejoindre Corwik mais vous ne trouvez pas de poste qui vous corresponde ? <\/h2>\t\t\t\t<\/div>\n\t\t\t\t<\/div>\n\t\t\t\t<div class=\"elementor-element elementor-element-53d6b8c elementor-widget elementor-widget-text-editor\" data-id=\"53d6b8c\" data-element_type=\"widget\" data-widget_type=\"text-editor.default\">\n\t\t\t\t<div class=\"elementor-widget-container\">\n\t\t\t\t\t\t\t\t\t<p>Votre candidature nous int\u00e9resse toujours. Partagez votre CV et parlez-nous de vos comp\u00e9tences, de votre exp\u00e9rience et de vos int\u00e9r\u00eats. Au fur et \u00e0 mesure de notre croissance, de nouvelles opportunit\u00e9s se pr\u00e9sentent, le poste id\u00e9al est peut-\u00eatre juste au coin de la rue.  <\/p>\t\t\t\t\t\t\t\t<\/div>\n\t\t\t\t<\/div>\n\t\t\t\t<\/div>\n\t\t\t\t\t<\/div>\n\t\t\t\t<\/div>\n\t\t\t\t<\/div>\n\t\t<div class=\"elementor-element elementor-element-4e1f2b5 e-con-full e-flex e-con e-parent\" data-id=\"4e1f2b5\" data-element_type=\"container\" data-settings=\"{&quot;background_background&quot;:&quot;gradient&quot;}\">\n\t\t<div class=\"elementor-element elementor-element-977de4a e-flex e-con-boxed e-con e-child\" data-id=\"977de4a\" data-element_type=\"container\">\n\t\t\t\t\t<div class=\"e-con-inner\">\n\t\t\t\t<div class=\"elementor-element elementor-element-6d35439 elementor-widget elementor-widget-image\" data-id=\"6d35439\" data-element_type=\"widget\" data-widget_type=\"image.default\">\n\t\t\t\t<div class=\"elementor-widget-container\">\n\t\t\t\t\t\t\t\t\t\t\t\t\t\t\t<img fetchpriority=\"high\" decoding=\"async\" width=\"2500\" height=\"965\" src=\"https:\/\/www.corwik.com\/wp-content\/uploads\/2025\/07\/fashion-design-hub.png\" class=\"attachment-full size-full wp-image-3382\" alt=\"\" srcset=\"https:\/\/www.corwik.com\/wp-content\/uploads\/2025\/07\/fashion-design-hub.png 2500w, https:\/\/www.corwik.com\/wp-content\/uploads\/2025\/07\/fashion-design-hub-300x116.png 300w, https:\/\/www.corwik.com\/wp-content\/uploads\/2025\/07\/fashion-design-hub-1024x395.png 1024w, https:\/\/www.corwik.com\/wp-content\/uploads\/2025\/07\/fashion-design-hub-768x296.png 768w, https:\/\/www.corwik.com\/wp-content\/uploads\/2025\/07\/fashion-design-hub-1536x593.png 1536w, https:\/\/www.corwik.com\/wp-content\/uploads\/2025\/07\/fashion-design-hub-2048x791.png 2048w\" sizes=\"(max-width: 2500px) 100vw, 2500px\" \/>\t\t\t\t\t\t\t\t\t\t\t\t\t\t\t<\/div>\n\t\t\t\t<\/div>\n\t\t\t\t\t<\/div>\n\t\t\t\t<\/div>\n\t\t\t\t<\/div>\n\t\t<div class=\"elementor-element elementor-element-86a0e33 e-con-full e-flex e-con e-parent\" data-id=\"86a0e33\" data-element_type=\"container\" data-settings=\"{&quot;background_background&quot;:&quot;classic&quot;}\">\n\t\t<div class=\"elementor-element elementor-element-634d77e e-flex e-con-boxed e-con e-child\" data-id=\"634d77e\" data-element_type=\"container\">\n\t\t\t\t\t<div class=\"e-con-inner\">\n\t\t<div class=\"elementor-element elementor-element-6245a40 e-con-full e-flex e-con e-child\" data-id=\"6245a40\" data-element_type=\"container\">\n\t\t\t\t<div class=\"elementor-element elementor-element-210f543 elementor-widget elementor-widget-heading\" data-id=\"210f543\" data-element_type=\"widget\" data-widget_type=\"heading.default\">\n\t\t\t\t<div class=\"elementor-widget-container\">\n\t\t\t\t\t<h3 class=\"elementor-heading-title elementor-size-default\">Pr\u00e9sentez-vous : nous aimerions vous rencontrer<\/h3>\t\t\t\t<\/div>\n\t\t\t\t<\/div>\n\t\t\t\t<div class=\"elementor-element elementor-element-3af9353 elementor-widget elementor-widget-formidable\" data-id=\"3af9353\" data-element_type=\"widget\" data-widget_type=\"formidable.default\">\n\t\t\t\t<div class=\"elementor-widget-container\">\n\t\t\t\t\t<div class=\"frm_forms  with_frm_style frm_style_formidable-style\" id=\"frm_form_2_container\" data-token=\"71d3f153a8315a39a02e76af3511b346\">\n<form enctype=\"multipart\/form-data\" method=\"post\" class=\"frm-show-form  frm_pro_form \" id=\"form_join-corwik\" data-token=\"71d3f153a8315a39a02e76af3511b346\">\n<div class=\"frm_form_fields \">\n<fieldset>\n<legend class=\"frm_screen_reader\">Introduce Yourself - Join Corwik<\/legend>\r\n\r\n<div class=\"frm_fields_container\">\n<input type=\"hidden\" name=\"frm_action\" value=\"create\" \/>\n<input type=\"hidden\" name=\"form_id\" value=\"2\" \/>\n<input type=\"hidden\" name=\"frm_hide_fields_2\" id=\"frm_hide_fields_2\" value=\"\" \/>\n<input type=\"hidden\" name=\"form_key\" value=\"join-corwik\" \/>\n<input type=\"hidden\" name=\"item_meta[0]\" value=\"\" \/>\n<input type=\"hidden\" id=\"frm_submit_entry_2\" name=\"frm_submit_entry_2\" value=\"d5e0124bbf\" \/><input type=\"hidden\" name=\"_wp_http_referer\" value=\"\/fr\/wp-json\/wp\/v2\/pages\/3598\" \/><div id=\"frm_field_10_container\" class=\"frm_form_field form-field  frm_required_field frm_none_container\">\r\n\t<div  id=\"field_ymwl2_label\" class=\"frm_primary_label\">Nom compl\u00e8te\r\n\t\t<span class=\"frm_required\" aria-hidden=\"true\">*<\/span>\r\n\t<\/div>\r\n\t<fieldset aria-labelledby=\"field_ymwl2_label\">\n\t<legend class=\"frm_screen_reader frm_hidden\">\n\t\tNom compl\u00e8te\t<\/legend>\n\n\t<div  class=\"frm_combo_inputs_container\" id=\"frm_combo_inputs_container_10\" data-name-layout=\"first_last\">\n\t\t\t\t\t<div\n\t\t\t\tid=\"frm_field_10-first_container\"\n\t\t\t\tclass=\"frm_form_field form-field frm_form_subfield-first  frm6\"\n\t\t\t\tdata-sub-field-name=\"first\"\n\t\t\t>\n\t\t\t\t<label for=\"field_ymwl2_first\" class=\"frm_screen_reader frm_hidden\">\n\t\t\t\t\tNom compl\u00e8te\t\t\t\t<\/label>\n\n\t\t\t\t<input  type=\"text\" id=\"field_ymwl2_first\" value=\"\" name=\"item_meta[10][first]\" placeholder=\"First Name\" data-reqmsg=\"Nom compl\u00e8te cannot be blank.\" aria-required=\"true\" data-invmsg=\"Nom compl\u00e8te est non valide\" aria-invalid=\"false\"  \/>\t\t\t<\/div>\n\t\t\t\t\t\t<div\n\t\t\t\tid=\"frm_field_10-last_container\"\n\t\t\t\tclass=\"frm_form_field form-field frm_form_subfield-last  frm6\"\n\t\t\t\tdata-sub-field-name=\"last\"\n\t\t\t>\n\t\t\t\t<label for=\"field_ymwl2_last\" class=\"frm_screen_reader frm_hidden\">\n\t\t\t\t\tNom compl\u00e8te\t\t\t\t<\/label>\n\n\t\t\t\t<input  type=\"text\" id=\"field_ymwl2_last\" value=\"\" name=\"item_meta[10][last]\" placeholder=\"Last Name\" data-reqmsg=\"Nom compl\u00e8te cannot be blank.\" aria-required=\"true\" data-invmsg=\"Nom compl\u00e8te est non valide\" aria-invalid=\"false\"  \/>\t\t\t<\/div>\n\t\t\t\t<\/div>\n<\/fieldset>\n\r\n\t\r\n\t\r\n<\/div>\n<div id=\"frm_field_11_container\" class=\"frm_form_field form-field  frm_required_field frm_none_container frm6 frm_first\">\r\n\t<label for=\"field_xyrbr\" id=\"field_xyrbr_label\" class=\"frm_primary_label\">Courriel\r\n\t\t<span class=\"frm_required\" aria-hidden=\"true\">*<\/span>\r\n\t<\/label>\r\n\t<input type=\"email\" id=\"field_xyrbr\" name=\"item_meta[11]\" value=\"\"  autocomplete=\"email\"  placeholder=\"Adresse courriel\" data-reqmsg=\"Courriel cannot be blank.\" aria-required=\"true\" data-invmsg=\"Courriel is invalid\" aria-invalid=\"false\"  \/>\r\n\t\r\n\t\r\n<\/div>\n<div id=\"frm_field_12_container\" class=\"frm_form_field form-field  frm_required_field frm_none_container frm6\">\r\n\t<label for=\"field_cyf59\" id=\"field_cyf59_label\" class=\"frm_primary_label\">T\u00e9l\u00e9phone\r\n\t\t<span class=\"frm_required\" aria-hidden=\"true\">*<\/span>\r\n\t<\/label>\r\n\t<input type=\"tel\" id=\"field_cyf59\" name=\"item_meta[12]\" value=\"\"  placeholder=\"Phone Number\" data-reqmsg=\"T\u00e9l\u00e9phone cannot be blank.\" aria-required=\"true\" data-invmsg=\"T\u00e9l\u00e9phone is invalid\" aria-invalid=\"false\" pattern=\"((\\+\\d{1,3}(-|.| )?\\(?\\d\\)?(-| |.)?\\d{1,5})|(\\(?\\d{2,6}\\)?))(-|.| )?(\\d{3,4})(-|.| )?(\\d{4})(( x| ext)\\d{1,5}){0,1}$\"  \/>\r\n\t\r\n\t\r\n<\/div>\n<div id=\"frm_field_14_container\" class=\"frm_form_field form-field  frm_required_field frm_top_container frm4 frm_first\">\r\n\t<label for=\"field_genvg\" id=\"field_genvg_label\" class=\"frm_primary_label\">Resume Upload\r\n\t\t<span class=\"frm_required\" aria-hidden=\"true\">*<\/span>\r\n\t<\/label>\r\n\t<input type=\"hidden\"  data-reqmsg=\"Resume Upload cannot be blank.\" data-invmsg=\"Resume Upload is invalid\" class=\"auto_width\" aria-invalid=\"false\"   name=\"item_meta[14]\"  data-reqmsg=\"Resume Upload cannot be blank.\"  value=\"\" data-frmfile=\"14\" \/>\n\n<div class=\"frm_dropzone frm_single_upload frm_clearfix\" id=\"file14_dropzone\" role=\"group\" >\n\t<div class=\"fallback\">\n\t\t<input type=\"file\" name=\"file14\" id=\"field_genvg\"\n\t\t\t data-reqmsg=\"Resume Upload cannot be blank.\" data-invmsg=\"Resume Upload is invalid\" class=\"auto_width\" aria-invalid=\"false\"  \t\t\t\/>\n\t\t\t\t<div class=\"frm_clearfix \"><\/div>\n\t<\/div>\n\t<div class=\"dz-message needsclick\">\n\t\t\t\t<svg  viewBox=\"0 0 18 18\" class=\"frmsvg frm-svg-icon\">\n\t<path viewBox=\"0 0 18 18\" fill-rule=\"evenodd\" clip-rule=\"evenodd\" d=\"M8.2 4v8a.8.8 0 001.5 0V4l2.1 2.2A.7.7 0 1013 5L9.5 1.7a.7.7 0 00-1.1 0L5.1 5.2a.8.8 0 001 1l2.1-2zm7.6 4.3c.4 0 .7.3.7.7v6.8c0 .4-.3.7-.8.7H2.3a.8.8 0 01-.8-.8V9A.8.8 0 013 9v6h12V9c0-.4.3-.8.8-.8z\"><\/path>\n<\/svg>\t\t<span class=\"frm_upload_text\"><button type=\"button\" aria-label=\"Resume Upload. Upload File. Taille de fichier maximale\u00a0: 10MB\">Upload File<\/button><\/span>\n\t\t<span class=\"frm_compact_text\"><button type=\"button\" aria-label=\"Resume Upload. Choose File. Taille de fichier maximale\u00a0: 10MB\">Choose File<\/button><\/span>\n\t\t<div class=\"frm_small_text\">\n\t\t\t<p>Taille de fichier maximale\u00a0: 10MB<\/p>\n\t\t<\/div>\n\t<\/div>\n<\/div>\n\t\r\n\t\r\n\t\r\n<\/div>\n<div id=\"frm_field_15_container\" class=\"frm_form_field form-field  frm_top_container frm4\">\r\n\t<label for=\"field_qbqt3\" id=\"field_qbqt3_label\" class=\"frm_primary_label\">Cover Letter (Optional)\r\n\t\t<span class=\"frm_required\" aria-hidden=\"true\"><\/span>\r\n\t<\/label>\r\n\t<input type=\"hidden\"  data-invmsg=\"Cover Letter (Optional) is invalid\" class=\"auto_width\" aria-invalid=\"false\"   name=\"item_meta[15]\"  value=\"\" data-frmfile=\"15\" \/>\n\n<div class=\"frm_dropzone frm_single_upload frm_clearfix\" id=\"file15_dropzone\" role=\"group\" >\n\t<div class=\"fallback\">\n\t\t<input type=\"file\" name=\"file15\" id=\"field_qbqt3\"\n\t\t\t data-invmsg=\"Cover Letter (Optional) is invalid\" class=\"auto_width\" aria-invalid=\"false\"  \t\t\t\/>\n\t\t\t\t<div class=\"frm_clearfix \"><\/div>\n\t<\/div>\n\t<div class=\"dz-message needsclick\">\n\t\t\t\t<svg  viewBox=\"0 0 18 18\" class=\"frmsvg frm-svg-icon\">\n\t<path viewBox=\"0 0 18 18\" fill-rule=\"evenodd\" clip-rule=\"evenodd\" d=\"M8.2 4v8a.8.8 0 001.5 0V4l2.1 2.2A.7.7 0 1013 5L9.5 1.7a.7.7 0 00-1.1 0L5.1 5.2a.8.8 0 001 1l2.1-2zm7.6 4.3c.4 0 .7.3.7.7v6.8c0 .4-.3.7-.8.7H2.3a.8.8 0 01-.8-.8V9A.8.8 0 013 9v6h12V9c0-.4.3-.8.8-.8z\"><\/path>\n<\/svg>\t\t<span class=\"frm_upload_text\"><button type=\"button\" aria-label=\"Cover Letter (Optional). Upload File. Taille de fichier maximale\u00a0: 10MB\">Upload File<\/button><\/span>\n\t\t<span class=\"frm_compact_text\"><button type=\"button\" aria-label=\"Cover Letter (Optional). Choose File. Taille de fichier maximale\u00a0: 10MB\">Choose File<\/button><\/span>\n\t\t<div class=\"frm_small_text\">\n\t\t\t<p>Taille de fichier maximale\u00a0: 10MB<\/p>\n\t\t<\/div>\n\t<\/div>\n<\/div>\n\t\r\n\t\r\n\t\r\n<\/div>\n<div id=\"frm_field_30_container\" class=\"frm_form_field form-field  frm_top_container frm4\">\r\n\t<label for=\"field_1k2dw\" id=\"field_1k2dw_label\" class=\"frm_primary_label\">Portfolio File (Optional)\r\n\t\t<span class=\"frm_required\" aria-hidden=\"true\"><\/span>\r\n\t<\/label>\r\n\t<input type=\"hidden\"  data-invmsg=\"Portfolio File (Optional) is invalid\" class=\"auto_width\" aria-invalid=\"false\"   name=\"item_meta[30]\"  value=\"\" data-frmfile=\"30\" \/>\n\n<div class=\"frm_dropzone frm_single_upload frm_clearfix\" id=\"file30_dropzone\" role=\"group\" >\n\t<div class=\"fallback\">\n\t\t<input type=\"file\" name=\"file30\" id=\"field_1k2dw\"\n\t\t\t data-invmsg=\"Portfolio File (Optional) is invalid\" class=\"auto_width\" aria-invalid=\"false\"  \t\t\t\/>\n\t\t\t\t<div class=\"frm_clearfix \"><\/div>\n\t<\/div>\n\t<div class=\"dz-message needsclick\">\n\t\t\t\t<svg  viewBox=\"0 0 18 18\" class=\"frmsvg frm-svg-icon\">\n\t<path viewBox=\"0 0 18 18\" fill-rule=\"evenodd\" clip-rule=\"evenodd\" d=\"M8.2 4v8a.8.8 0 001.5 0V4l2.1 2.2A.7.7 0 1013 5L9.5 1.7a.7.7 0 00-1.1 0L5.1 5.2a.8.8 0 001 1l2.1-2zm7.6 4.3c.4 0 .7.3.7.7v6.8c0 .4-.3.7-.8.7H2.3a.8.8 0 01-.8-.8V9A.8.8 0 013 9v6h12V9c0-.4.3-.8.8-.8z\"><\/path>\n<\/svg>\t\t<span class=\"frm_upload_text\"><button type=\"button\" aria-label=\"Portfolio File (Optional). Upload File. Taille de fichier maximale\u00a0: 10MB\">Upload File<\/button><\/span>\n\t\t<span class=\"frm_compact_text\"><button type=\"button\" aria-label=\"Portfolio File (Optional). Choose File. Taille de fichier maximale\u00a0: 10MB\">Choose File<\/button><\/span>\n\t\t<div class=\"frm_small_text\">\n\t\t\t<p>Taille de fichier maximale\u00a0: 10MB<\/p>\n\t\t<\/div>\n\t<\/div>\n<\/div>\n\t\r\n\t\r\n\t\r\n<\/div>\n<div id=\"frm_field_16_container\" class=\"frm_form_field form-field  frm_none_container frm12 frm_first\">\r\n\t<label for=\"field_trnwo\" id=\"field_trnwo_label\" class=\"frm_primary_label\">Linkedin URL\r\n\t\t<span class=\"frm_required\" aria-hidden=\"true\"><\/span>\r\n\t<\/label>\r\n\t<input type=\"url\" id=\"field_trnwo\" name=\"item_meta[16]\" value=\"\"  placeholder=\"LinkedIn Page (Optional)\" data-invmsg=\"Linkedin URL is invalid\" aria-invalid=\"false\"  \/>\r\n\t\r\n\t\r\n<\/div>\n<div id=\"frm_field_31_container\" class=\"frm_form_field form-field  frm_none_container\">\r\n\t<label for=\"field_jf2e\" id=\"field_jf2e_label\" class=\"frm_primary_label\">Portfolio\r\n\t\t<span class=\"frm_required\" aria-hidden=\"true\"><\/span>\r\n\t<\/label>\r\n\t<input type=\"url\" id=\"field_jf2e\" name=\"item_meta[31]\" value=\"\"  placeholder=\"Portfolio Link \/ URL (Optional)\" data-invmsg=\"Portfolio is invalid\" aria-invalid=\"false\"  \/>\r\n\t\r\n\t\r\n<\/div>\n<div id=\"frm_field_17_container\" class=\"frm_form_field form-field  frm_none_container\">\r\n\t<label for=\"field_iyzr5\" id=\"field_iyzr5_label\" class=\"frm_primary_label\">Message\r\n\t\t<span class=\"frm_required\" aria-hidden=\"true\"><\/span>\r\n\t<\/label>\r\n\t<textarea name=\"item_meta[17]\" id=\"field_iyzr5\" rows=\"5\"  placeholder=\"Additional Notes &amp; Message\" data-invmsg=\"Message is invalid\" aria-invalid=\"false\"  ><\/textarea>\r\n\t\r\n\t\r\n<\/div>\n<div id=\"frm_field_13_container\" class=\"frm_form_field form-field  frm_none_container\">\r\n\t<label for=\"g-recaptcha-response\" id=\"field_w0ln_label\" class=\"frm_primary_label\">CAPTCHA\r\n\t\t<span class=\"frm_required\" aria-hidden=\"true\"><\/span>\r\n\t<\/label>\r\n\t<div  id=\"field_w0ln\" class=\"frm-g-recaptcha\" data-sitekey=\"6LdlODQrAAAAANYlXnvotGccmJMTWKfRYFdtm8-q\" data-size=\"invisible\" data-theme=\"light\"><\/div>\r\n\t\r\n\t\r\n<\/div>\n<div id=\"frm_field_9_container\" class=\"frm_form_field form-field \">\r\n\t<div class=\"frm_submit frm_flex\">\r\n<button class=\"frm_button_submit frm_final_submit\" type=\"submit\"   formnovalidate=\"formnovalidate\">\r\n<svg width=\"15\" height=\"14\" viewBox=\"0 0 15 14\" fill=\"none\" xmlns=\"http:\/\/www.w3.org\/2000\/svg\">\r\n<path d=\"M0 7L12 7\" stroke=\"#1B1B1B\" stroke-width=\"2\"\/>\r\n<path d=\"M7 1L13 7L7 13\" stroke=\"#1B1B1B\" stroke-width=\"2\"\/>\r\n<\/svg>\r\n<span style=\"margin-left: 10px; text-transform: uppercase;\">Apply Now<\/span>\r\n<\/button>\r\n\r\n\r\n\r\n<\/div>\r\n<\/div>\n\t<input type=\"hidden\" name=\"item_key\" value=\"\" \/>\n\t\t\t<div id=\"frm_field_40_container\">\n\t\t\t<label for=\"field_zr0gc\" >\n\t\t\t\tSi vous \u00eates un humain, ne remplissez pas ce champ.\t\t\t<\/label>\n\t\t\t<input  id=\"field_zr0gc\" type=\"text\" class=\"frm_form_field form-field frm_verify\" name=\"item_meta[40]\" value=\"\"  \/>\n\t\t<\/div>\n\t\t<input name=\"frm_state\" type=\"hidden\" value=\"5FmK0yYwD3Zcr15l8cZ5aLHTUJcXXkiGPYlb7L+sqYVhThRJKFa40c5Tp0E0kVjW\" \/><\/div>\n<\/fieldset>\n<\/div>\n\n<\/form>\n<\/div>\n\t\t\t\t<\/div>\n\t\t\t\t<\/div>\n\t\t\t\t<\/div>\n\t\t\t\t\t<\/div>\n\t\t\t\t<\/div>\n\t\t\t\t<\/div>\n\t\t\t\t<\/div>\n\t\t","protected":false},"excerpt":{"rendered":"<p>Vous avez envie de rejoindre Corwik mais vous ne trouvez pas de poste qui vous corresponde ? Votre candidature nous int\u00e9resse toujours. Partagez votre CV et parlez-nous de vos comp\u00e9tences, de votre exp\u00e9rience et de vos int\u00e9r\u00eats. Au fur et \u00e0 mesure de notre croissance, de nouvelles opportunit\u00e9s se pr\u00e9sentent, le poste id\u00e9al est peut-\u00eatre [&hellip;]<\/p>\n","protected":false},"author":3,"featured_media":3772,"parent":3588,"menu_order":0,"comment_status":"closed","ping_status":"closed","template":"","meta":{"_acf_changed":false,"footnotes":""},"class_list":["post-3598","page","type-page","status-publish","has-post-thumbnail","hentry"],"acf":[],"_links":{"self":[{"href":"https:\/\/www.corwik.com\/fr\/wp-json\/wp\/v2\/pages\/3598","targetHints":{"allow":["GET"]}}],"collection":[{"href":"https:\/\/www.corwik.com\/fr\/wp-json\/wp\/v2\/pages"}],"about":[{"href":"https:\/\/www.corwik.com\/fr\/wp-json\/wp\/v2\/types\/page"}],"author":[{"embeddable":true,"href":"https:\/\/www.corwik.com\/fr\/wp-json\/wp\/v2\/users\/3"}],"replies":[{"embeddable":true,"href":"https:\/\/www.corwik.com\/fr\/wp-json\/wp\/v2\/comments?post=3598"}],"version-history":[{"count":5,"href":"https:\/\/www.corwik.com\/fr\/wp-json\/wp\/v2\/pages\/3598\/revisions"}],"predecessor-version":[{"id":3902,"href":"https:\/\/www.corwik.com\/fr\/wp-json\/wp\/v2\/pages\/3598\/revisions\/3902"}],"up":[{"embeddable":true,"href":"https:\/\/www.corwik.com\/fr\/wp-json\/wp\/v2\/pages\/3588"}],"wp:featuredmedia":[{"embeddable":true,"href":"https:\/\/www.corwik.com\/fr\/wp-json\/wp\/v2\/media\/3772"}],"wp:attachment":[{"href":"https:\/\/www.corwik.com\/fr\/wp-json\/wp\/v2\/media?parent=3598"}],"curies":[{"name":"wp","href":"https:\/\/api.w.org\/{rel}","templated":true}]}}