{"id":3588,"date":"2025-05-08T17:59:23","date_gmt":"2025-05-08T17:59:23","guid":{"rendered":"https:\/\/www.corwik.com\/careers\/"},"modified":"2025-08-22T13:03:35","modified_gmt":"2025-08-22T13:03:35","slug":"carrieres","status":"publish","type":"page","link":"https:\/\/www.corwik.com\/fr\/carrieres\/","title":{"rendered":"Carri\u00e8res"},"content":{"rendered":"\t\t<div data-elementor-type=\"wp-page\" data-elementor-id=\"3588\" class=\"elementor elementor-3588 elementor-2382\" data-elementor-post-type=\"page\">\n\t\t\t\t<div class=\"elementor-element elementor-element-d65a4da e-con-full e-flex e-con e-parent\" data-id=\"d65a4da\" data-element_type=\"container\" data-settings=\"{&quot;background_background&quot;:&quot;classic&quot;}\">\n\t\t<div class=\"elementor-element elementor-element-3d2733b e-flex e-con-boxed e-con e-child\" data-id=\"3d2733b\" data-element_type=\"container\">\n\t\t\t\t\t<div class=\"e-con-inner\">\n\t\t\t\t\t<\/div>\n\t\t\t\t<\/div>\n\t\t\t\t<\/div>\n\t\t<div class=\"elementor-element elementor-element-861e43b e-con-full e-flex e-con e-parent\" data-id=\"861e43b\" data-element_type=\"container\">\n\t\t<div class=\"elementor-element elementor-element-34965d7 e-flex e-con-boxed e-con e-child\" data-id=\"34965d7\" data-element_type=\"container\">\n\t\t\t\t\t<div class=\"e-con-inner\">\n\t\t<div class=\"elementor-element elementor-element-a34c562 e-con-full e-flex e-con e-child\" data-id=\"a34c562\" data-element_type=\"container\">\n\t\t\t\t<div class=\"elementor-element elementor-element-a90c427 elementor-widget elementor-widget-heading\" data-id=\"a90c427\" data-element_type=\"widget\" data-widget_type=\"heading.default\">\n\t\t\t\t<div class=\"elementor-widget-container\">\n\t\t\t\t\t<h2 class=\"elementor-heading-title elementor-size-default\">Pourquoi travailler chez Corwik ?<\/h2>\t\t\t\t<\/div>\n\t\t\t\t<\/div>\n\t\t\t\t<div class=\"elementor-element elementor-element-ade51f4 elementor-widget elementor-widget-text-editor\" data-id=\"ade51f4\" data-element_type=\"widget\" data-widget_type=\"text-editor.default\">\n\t\t\t\t<div class=\"elementor-widget-container\">\n\t\t\t\t\t\t\t\t\t<p>Corwik offre un lieu de travail dynamique et collaboratif o\u00f9 la cr\u00e9ativit\u00e9 se d\u00e9veloppe, l&rsquo;innovation s&rsquo;\u00e9panouit et les carri\u00e8res se construisent. Notre culture d&rsquo;\u00e9quipe permet aux individus d&rsquo;explorer de nouvelles id\u00e9es, de d\u00e9velopper leurs comp\u00e9tences et de r\u00e9aliser leur plein potentiel. <\/p>\t\t\t\t\t\t\t\t<\/div>\n\t\t\t\t<\/div>\n\t\t\t\t<\/div>\n\t\t\t\t\t<\/div>\n\t\t\t\t<\/div>\n\t\t\t\t<\/div>\n\t\t<div class=\"elementor-element elementor-element-f0d878a e-con-full e-flex e-con e-parent\" data-id=\"f0d878a\" data-element_type=\"container\">\n\t\t<div class=\"elementor-element elementor-element-b23f9d6 e-flex e-con-boxed e-con e-child\" data-id=\"b23f9d6\" data-element_type=\"container\">\n\t\t\t\t\t<div class=\"e-con-inner\">\n\t\t<div class=\"elementor-element elementor-element-63bb564 e-con-full e-flex e-con e-child\" data-id=\"63bb564\" data-element_type=\"container\">\n\t\t\t\t<div class=\"elementor-element elementor-element-38ec85d elementor-widget elementor-widget-heading\" data-id=\"38ec85d\" data-element_type=\"widget\" data-widget_type=\"heading.default\">\n\t\t\t\t<div class=\"elementor-widget-container\">\n\t\t\t\t\t<h3 class=\"elementor-heading-title elementor-size-default\">Opportunit\u00e9s d'apprentissage et d'innovation<\/h3>\t\t\t\t<\/div>\n\t\t\t\t<\/div>\n\t\t\t\t<div class=\"elementor-element elementor-element-d1d5571 elementor-widget elementor-widget-text-editor\" data-id=\"d1d5571\" data-element_type=\"widget\" data-widget_type=\"text-editor.default\">\n\t\t\t\t<div class=\"elementor-widget-container\">\n\t\t\t\t\t\t\t\t\t<p>Corwik s&rsquo;engage \u00e0 donner \u00e0 son \u00e9quipe une formation de pointe en mati\u00e8re de comp\u00e9tences techniques et de transformation num\u00e9rique. Nous \u00e9quipons nos collaborateurs des outils et des connaissances n\u00e9cessaires pour exceller dans un secteur en constante \u00e9volution. <\/p>\t\t\t\t\t\t\t\t<\/div>\n\t\t\t\t<\/div>\n\t\t\t\t<\/div>\n\t\t<div class=\"elementor-element elementor-element-c18bd85 e-con-full e-flex e-con e-child\" data-id=\"c18bd85\" data-element_type=\"container\">\n\t\t\t\t<div class=\"elementor-element elementor-element-dfa9fd9 elementor-widget elementor-widget-image\" data-id=\"dfa9fd9\" data-element_type=\"widget\" data-widget_type=\"image.default\">\n\t\t\t\t<div class=\"elementor-widget-container\">\n\t\t\t\t\t\t\t\t\t\t\t\t\t\t\t<img fetchpriority=\"high\" decoding=\"async\" width=\"2560\" height=\"1707\" src=\"https:\/\/www.corwik.com\/wp-content\/uploads\/2025\/07\/2H4A5977-scaled.jpg\" class=\"attachment-full size-full wp-image-3450\" alt=\"\" srcset=\"https:\/\/www.corwik.com\/wp-content\/uploads\/2025\/07\/2H4A5977-scaled.jpg 2560w, https:\/\/www.corwik.com\/wp-content\/uploads\/2025\/07\/2H4A5977-300x200.jpg 300w, https:\/\/www.corwik.com\/wp-content\/uploads\/2025\/07\/2H4A5977-1024x683.jpg 1024w, https:\/\/www.corwik.com\/wp-content\/uploads\/2025\/07\/2H4A5977-768x512.jpg 768w, https:\/\/www.corwik.com\/wp-content\/uploads\/2025\/07\/2H4A5977-1536x1024.jpg 1536w, https:\/\/www.corwik.com\/wp-content\/uploads\/2025\/07\/2H4A5977-2048x1365.jpg 2048w\" sizes=\"(max-width: 2560px) 100vw, 2560px\" \/>\t\t\t\t\t\t\t\t\t\t\t\t\t\t\t<\/div>\n\t\t\t\t<\/div>\n\t\t\t\t<\/div>\n\t\t\t\t\t<\/div>\n\t\t\t\t<\/div>\n\t\t<div class=\"elementor-element elementor-element-c01aebb e-flex e-con-boxed e-con e-child\" data-id=\"c01aebb\" data-element_type=\"container\">\n\t\t\t\t\t<div class=\"e-con-inner\">\n\t\t<div class=\"elementor-element elementor-element-cb8ecda e-con-full e-flex e-con e-child\" data-id=\"cb8ecda\" data-element_type=\"container\">\n\t\t\t\t<div class=\"elementor-element elementor-element-2357545 elementor-widget elementor-widget-image\" data-id=\"2357545\" data-element_type=\"widget\" data-widget_type=\"image.default\">\n\t\t\t\t<div class=\"elementor-widget-container\">\n\t\t\t\t\t\t\t\t\t\t\t\t\t\t\t<img decoding=\"async\" width=\"2560\" height=\"1707\" src=\"https:\/\/www.corwik.com\/wp-content\/uploads\/2025\/07\/2H4A6070-scaled.jpg\" class=\"attachment-full size-full wp-image-3472\" alt=\"\" srcset=\"https:\/\/www.corwik.com\/wp-content\/uploads\/2025\/07\/2H4A6070-scaled.jpg 2560w, https:\/\/www.corwik.com\/wp-content\/uploads\/2025\/07\/2H4A6070-300x200.jpg 300w, https:\/\/www.corwik.com\/wp-content\/uploads\/2025\/07\/2H4A6070-1024x683.jpg 1024w, https:\/\/www.corwik.com\/wp-content\/uploads\/2025\/07\/2H4A6070-768x512.jpg 768w, https:\/\/www.corwik.com\/wp-content\/uploads\/2025\/07\/2H4A6070-1536x1024.jpg 1536w, https:\/\/www.corwik.com\/wp-content\/uploads\/2025\/07\/2H4A6070-2048x1365.jpg 2048w\" sizes=\"(max-width: 2560px) 100vw, 2560px\" \/>\t\t\t\t\t\t\t\t\t\t\t\t\t\t\t<\/div>\n\t\t\t\t<\/div>\n\t\t\t\t<\/div>\n\t\t<div class=\"elementor-element elementor-element-376d03b e-con-full e-flex e-con e-child\" data-id=\"376d03b\" data-element_type=\"container\">\n\t\t\t\t<div class=\"elementor-element elementor-element-dc749b9 elementor-widget elementor-widget-heading\" data-id=\"dc749b9\" data-element_type=\"widget\" data-widget_type=\"heading.default\">\n\t\t\t\t<div class=\"elementor-widget-container\">\n\t\t\t\t\t<h3 class=\"elementor-heading-title elementor-size-default\">Stabilit\u00e9 et r\u00e9putation du secteur<\/h3>\t\t\t\t<\/div>\n\t\t\t\t<\/div>\n\t\t\t\t<div class=\"elementor-element elementor-element-3df033a elementor-widget elementor-widget-text-editor\" data-id=\"3df033a\" data-element_type=\"widget\" data-widget_type=\"text-editor.default\">\n\t\t\t\t<div class=\"elementor-widget-container\">\n\t\t\t\t\t\t\t\t\t<p>Leader reconnu dans le secteur de la vente au d\u00e9tail, Corwik est r\u00e9put\u00e9 pour son engagement in\u00e9branlable en faveur de la qualit\u00e9, de l&rsquo;innovation et de la satisfaction de la client\u00e8le.<\/p>\t\t\t\t\t\t\t\t<\/div>\n\t\t\t\t<\/div>\n\t\t\t\t<\/div>\n\t\t\t\t\t<\/div>\n\t\t\t\t<\/div>\n\t\t<div class=\"elementor-element elementor-element-26fad0c e-flex e-con-boxed e-con e-child\" data-id=\"26fad0c\" data-element_type=\"container\">\n\t\t\t\t\t<div class=\"e-con-inner\">\n\t\t<div class=\"elementor-element elementor-element-737a581 e-con-full e-flex e-con e-child\" data-id=\"737a581\" data-element_type=\"container\">\n\t\t\t\t<div class=\"elementor-element elementor-element-90efd18 elementor-widget elementor-widget-heading\" data-id=\"90efd18\" data-element_type=\"widget\" data-widget_type=\"heading.default\">\n\t\t\t\t<div class=\"elementor-widget-container\">\n\t\t\t\t\t<h3 class=\"elementor-heading-title elementor-size-default\">Culture de travail cr\u00e9ative et collaborative<\/h3>\t\t\t\t<\/div>\n\t\t\t\t<\/div>\n\t\t\t\t<div class=\"elementor-element elementor-element-9e60a0f elementor-widget elementor-widget-text-editor\" data-id=\"9e60a0f\" data-element_type=\"widget\" data-widget_type=\"text-editor.default\">\n\t\t\t\t<div class=\"elementor-widget-container\">\n\t\t\t\t\t\t\t\t\t<p>Une culture o\u00f9 la cr\u00e9ativit\u00e9 s\u2019\u00e9panouit et o\u00f9 l\u2019excellence est la norme, Corwik permet aux talents de repousser les limites et d\u2019atteindre l\u2019excellence.<\/p>\t\t\t\t\t\t\t\t<\/div>\n\t\t\t\t<\/div>\n\t\t\t\t<\/div>\n\t\t<div class=\"elementor-element elementor-element-ae304d4 e-con-full e-flex e-con e-child\" data-id=\"ae304d4\" data-element_type=\"container\">\n\t\t\t\t<div class=\"elementor-element elementor-element-fb32719 elementor-widget elementor-widget-image\" data-id=\"fb32719\" data-element_type=\"widget\" data-widget_type=\"image.default\">\n\t\t\t\t<div class=\"elementor-widget-container\">\n\t\t\t\t\t\t\t\t\t\t\t\t\t\t\t<img decoding=\"async\" width=\"2560\" height=\"1707\" src=\"https:\/\/www.corwik.com\/wp-content\/uploads\/2025\/07\/2H4A6080-scaled.jpg\" class=\"attachment-full size-full wp-image-3476\" alt=\"\" srcset=\"https:\/\/www.corwik.com\/wp-content\/uploads\/2025\/07\/2H4A6080-scaled.jpg 2560w, https:\/\/www.corwik.com\/wp-content\/uploads\/2025\/07\/2H4A6080-300x200.jpg 300w, https:\/\/www.corwik.com\/wp-content\/uploads\/2025\/07\/2H4A6080-1024x683.jpg 1024w, https:\/\/www.corwik.com\/wp-content\/uploads\/2025\/07\/2H4A6080-768x512.jpg 768w, https:\/\/www.corwik.com\/wp-content\/uploads\/2025\/07\/2H4A6080-1536x1024.jpg 1536w, https:\/\/www.corwik.com\/wp-content\/uploads\/2025\/07\/2H4A6080-2048x1365.jpg 2048w\" sizes=\"(max-width: 2560px) 100vw, 2560px\" \/>\t\t\t\t\t\t\t\t\t\t\t\t\t\t\t<\/div>\n\t\t\t\t<\/div>\n\t\t\t\t<\/div>\n\t\t\t\t\t<\/div>\n\t\t\t\t<\/div>\n\t\t<div class=\"elementor-element elementor-element-5975b55 e-flex e-con-boxed e-con e-child\" data-id=\"5975b55\" data-element_type=\"container\">\n\t\t\t\t\t<div class=\"e-con-inner\">\n\t\t<div class=\"elementor-element elementor-element-d73229a e-con-full e-flex e-con e-child\" data-id=\"d73229a\" data-element_type=\"container\">\n\t\t\t\t<div class=\"elementor-element elementor-element-49f7938 elementor-widget elementor-widget-image\" data-id=\"49f7938\" data-element_type=\"widget\" data-widget_type=\"image.default\">\n\t\t\t\t<div class=\"elementor-widget-container\">\n\t\t\t\t\t\t\t\t\t\t\t\t\t\t\t<img loading=\"lazy\" decoding=\"async\" width=\"2560\" height=\"1599\" src=\"https:\/\/www.corwik.com\/wp-content\/uploads\/2025\/07\/2H4A6004-Edit-scaled.jpg\" class=\"attachment-full size-full wp-image-3458\" alt=\"\" srcset=\"https:\/\/www.corwik.com\/wp-content\/uploads\/2025\/07\/2H4A6004-Edit-scaled.jpg 2560w, https:\/\/www.corwik.com\/wp-content\/uploads\/2025\/07\/2H4A6004-Edit-300x187.jpg 300w, https:\/\/www.corwik.com\/wp-content\/uploads\/2025\/07\/2H4A6004-Edit-1024x640.jpg 1024w, https:\/\/www.corwik.com\/wp-content\/uploads\/2025\/07\/2H4A6004-Edit-768x480.jpg 768w, https:\/\/www.corwik.com\/wp-content\/uploads\/2025\/07\/2H4A6004-Edit-1536x959.jpg 1536w, https:\/\/www.corwik.com\/wp-content\/uploads\/2025\/07\/2H4A6004-Edit-2048x1279.jpg 2048w\" sizes=\"(max-width: 2560px) 100vw, 2560px\" \/>\t\t\t\t\t\t\t\t\t\t\t\t\t\t\t<\/div>\n\t\t\t\t<\/div>\n\t\t\t\t<\/div>\n\t\t<div class=\"elementor-element elementor-element-d2265a9 e-con-full e-flex e-con e-child\" data-id=\"d2265a9\" data-element_type=\"container\">\n\t\t\t\t<div class=\"elementor-element elementor-element-d8e7da8 elementor-widget__width-initial elementor-widget-tablet__width-inherit elementor-widget elementor-widget-heading\" data-id=\"d8e7da8\" data-element_type=\"widget\" data-widget_type=\"heading.default\">\n\t\t\t\t<div class=\"elementor-widget-container\">\n\t\t\t\t\t<h3 class=\"elementor-heading-title elementor-size-default\">Exposition mondiale<\/h3>\t\t\t\t<\/div>\n\t\t\t\t<\/div>\n\t\t\t\t<div class=\"elementor-element elementor-element-e9e01dc elementor-widget elementor-widget-text-editor\" data-id=\"e9e01dc\" data-element_type=\"widget\" data-widget_type=\"text-editor.default\">\n\t\t\t\t<div class=\"elementor-widget-container\">\n\t\t\t\t\t\t\t\t\t<p>Corwik ouvre les portes des march\u00e9s internationaux de la mode par le biais de partenariats strat\u00e9giques mondiaux, offrant des possibilit\u00e9s in\u00e9gal\u00e9es de croissance et d&rsquo;exposition \u00e0 l&rsquo;industrie.<\/p>\t\t\t\t\t\t\t\t<\/div>\n\t\t\t\t<\/div>\n\t\t\t\t<\/div>\n\t\t\t\t\t<\/div>\n\t\t\t\t<\/div>\n\t\t\t\t<\/div>\n\t\t<div class=\"elementor-element elementor-element-87308e6 e-con-full e-flex e-con e-parent\" data-id=\"87308e6\" data-element_type=\"container\" data-settings=\"{&quot;background_background&quot;:&quot;classic&quot;}\">\n\t\t<div class=\"elementor-element elementor-element-f89acdb e-flex e-con-boxed e-con e-child\" data-id=\"f89acdb\" data-element_type=\"container\">\n\t\t\t\t\t<div class=\"e-con-inner\">\n\t\t\t\t<div class=\"elementor-element elementor-element-e30bf93 elementor-widget elementor-widget-heading\" data-id=\"e30bf93\" data-element_type=\"widget\" data-widget_type=\"heading.default\">\n\t\t\t\t<div class=\"elementor-widget-container\">\n\t\t\t\t\t<h3 class=\"elementor-heading-title elementor-size-default\">Faire partie de l'\u00e9quipe<\/h3>\t\t\t\t<\/div>\n\t\t\t\t<\/div>\n\t\t<div class=\"elementor-element elementor-element-0c86b02 e-grid e-con-full e-con e-child\" data-id=\"0c86b02\" data-element_type=\"container\">\n\t\t<a class=\"elementor-element elementor-element-f5ba103 e-con-full e-flex e-con e-child\" data-id=\"f5ba103\" data-element_type=\"container\" href=\"https:\/\/www.corwik.com\/fr\/carrieres\/nous-recrutons\/\">\n\t\t\t\t<div class=\"elementor-element elementor-element-57fbd75 elementor-widget elementor-widget-image\" data-id=\"57fbd75\" data-element_type=\"widget\" data-widget_type=\"image.default\">\n\t\t\t\t<div class=\"elementor-widget-container\">\n\t\t\t\t\t\t\t\t\t\t\t\t\t\t\t<img loading=\"lazy\" decoding=\"async\" width=\"1460\" height=\"578\" src=\"https:\/\/www.corwik.com\/wp-content\/uploads\/2025\/07\/now-hiring-alt.png\" class=\"attachment-full size-full wp-image-3533\" alt=\"\" srcset=\"https:\/\/www.corwik.com\/wp-content\/uploads\/2025\/07\/now-hiring-alt.png 1460w, https:\/\/www.corwik.com\/wp-content\/uploads\/2025\/07\/now-hiring-alt-300x119.png 300w, https:\/\/www.corwik.com\/wp-content\/uploads\/2025\/07\/now-hiring-alt-1024x405.png 1024w, https:\/\/www.corwik.com\/wp-content\/uploads\/2025\/07\/now-hiring-alt-768x304.png 768w\" sizes=\"(max-width: 1460px) 100vw, 1460px\" \/>\t\t\t\t\t\t\t\t\t\t\t\t\t\t\t<\/div>\n\t\t\t\t<\/div>\n\t\t<div class=\"elementor-element elementor-element-e8983bc e-con-full e-flex e-con e-child\" data-id=\"e8983bc\" data-element_type=\"container\">\n\t\t\t\t<div class=\"elementor-element elementor-element-e2781e8 elementor-widget elementor-widget-heading\" data-id=\"e2781e8\" data-element_type=\"widget\" data-widget_type=\"heading.default\">\n\t\t\t\t<div class=\"elementor-widget-container\">\n\t\t\t\t\t<h4 class=\"elementor-heading-title elementor-size-default\">Nous recrutons<\/h4>\t\t\t\t<\/div>\n\t\t\t\t<\/div>\n\t\t\t\t<div class=\"elementor-element elementor-element-c33d1e2 elementor-widget elementor-widget-text-editor\" data-id=\"c33d1e2\" data-element_type=\"widget\" data-widget_type=\"text-editor.default\">\n\t\t\t\t<div class=\"elementor-widget-container\">\n\t\t\t\t\t\t\t\t\t<p>Explorez nos postes vacants et faites le premier pas vers la carri\u00e8re de vos r\u00eaves avec Corwik. Votre avenir commence ici. <\/p>\t\t\t\t\t\t\t\t<\/div>\n\t\t\t\t<\/div>\n\t\t\t\t<\/div>\n\t\t\t\t<\/a>\n\t\t<a class=\"elementor-element elementor-element-1d664a7 e-con-full e-flex e-con e-child\" data-id=\"1d664a7\" data-element_type=\"container\" href=\"https:\/\/www.corwik.com\/fr\/carrieres\/presentez-vous\/\">\n\t\t\t\t<div class=\"elementor-element elementor-element-b1e948d elementor-widget elementor-widget-image\" data-id=\"b1e948d\" data-element_type=\"widget\" data-widget_type=\"image.default\">\n\t\t\t\t<div class=\"elementor-widget-container\">\n\t\t\t\t\t\t\t\t\t\t\t\t\t\t\t<img loading=\"lazy\" decoding=\"async\" width=\"1462\" height=\"578\" src=\"https:\/\/www.corwik.com\/wp-content\/uploads\/2025\/07\/introduce-yourself-alt.png\" class=\"attachment-full size-full wp-image-3531\" alt=\"\" srcset=\"https:\/\/www.corwik.com\/wp-content\/uploads\/2025\/07\/introduce-yourself-alt.png 1462w, https:\/\/www.corwik.com\/wp-content\/uploads\/2025\/07\/introduce-yourself-alt-300x119.png 300w, https:\/\/www.corwik.com\/wp-content\/uploads\/2025\/07\/introduce-yourself-alt-1024x405.png 1024w, https:\/\/www.corwik.com\/wp-content\/uploads\/2025\/07\/introduce-yourself-alt-768x304.png 768w\" sizes=\"(max-width: 1462px) 100vw, 1462px\" \/>\t\t\t\t\t\t\t\t\t\t\t\t\t\t\t<\/div>\n\t\t\t\t<\/div>\n\t\t<div class=\"elementor-element elementor-element-ce2eb8c e-con-full e-flex e-con e-child\" data-id=\"ce2eb8c\" data-element_type=\"container\">\n\t\t\t\t<div class=\"elementor-element elementor-element-7ff3440 elementor-widget elementor-widget-heading\" data-id=\"7ff3440\" data-element_type=\"widget\" data-widget_type=\"heading.default\">\n\t\t\t\t<div class=\"elementor-widget-container\">\n\t\t\t\t\t<h4 class=\"elementor-heading-title elementor-size-default\">Pr\u00e9sentez-vous<\/h4>\t\t\t\t<\/div>\n\t\t\t\t<\/div>\n\t\t\t\t<div class=\"elementor-element elementor-element-8d78267 elementor-widget elementor-widget-text-editor\" data-id=\"8d78267\" data-element_type=\"widget\" data-widget_type=\"text-editor.default\">\n\t\t\t\t<div class=\"elementor-widget-container\">\n\t\t\t\t\t\t\t\t\t<p>Vous ne savez pas quel poste vous convient le mieux ? Parlez-nous de vous ! Soumettez votre CV, et nous vous aiderons \u00e0 d\u00e9couvrir l\u2019opportunit\u00e9 parfaite chez Corwik.  <\/p>\t\t\t\t\t\t\t\t<\/div>\n\t\t\t\t<\/div>\n\t\t\t\t<\/div>\n\t\t\t\t<\/a>\n\t\t\t\t<\/div>\n\t\t\t\t\t<\/div>\n\t\t\t\t<\/div>\n\t\t\t\t<\/div>\n\t\t\t\t<\/div>\n\t\t","protected":false},"excerpt":{"rendered":"<p>Pourquoi travailler chez Corwik ? Corwik offre un lieu de travail dynamique et collaboratif o\u00f9 la cr\u00e9ativit\u00e9 se d\u00e9veloppe, l&rsquo;innovation s&rsquo;\u00e9panouit et les carri\u00e8res se construisent. Notre culture d&rsquo;\u00e9quipe permet aux individus d&rsquo;explorer de nouvelles id\u00e9es, de d\u00e9velopper leurs comp\u00e9tences et de r\u00e9aliser leur plein potentiel. Opportunit\u00e9s d&rsquo;apprentissage et d&rsquo;innovation Corwik s&rsquo;engage \u00e0 donner \u00e0 [&hellip;]<\/p>\n","protected":false},"author":3,"featured_media":3468,"parent":0,"menu_order":0,"comment_status":"closed","ping_status":"closed","template":"","meta":{"_acf_changed":false,"footnotes":""},"class_list":["post-3588","page","type-page","status-publish","has-post-thumbnail","hentry"],"acf":[],"_links":{"self":[{"href":"https:\/\/www.corwik.com\/fr\/wp-json\/wp\/v2\/pages\/3588","targetHints":{"allow":["GET"]}}],"collection":[{"href":"https:\/\/www.corwik.com\/fr\/wp-json\/wp\/v2\/pages"}],"about":[{"href":"https:\/\/www.corwik.com\/fr\/wp-json\/wp\/v2\/types\/page"}],"author":[{"embeddable":true,"href":"https:\/\/www.corwik.com\/fr\/wp-json\/wp\/v2\/users\/3"}],"replies":[{"embeddable":true,"href":"https:\/\/www.corwik.com\/fr\/wp-json\/wp\/v2\/comments?post=3588"}],"version-history":[{"count":3,"href":"https:\/\/www.corwik.com\/fr\/wp-json\/wp\/v2\/pages\/3588\/revisions"}],"predecessor-version":[{"id":3847,"href":"https:\/\/www.corwik.com\/fr\/wp-json\/wp\/v2\/pages\/3588\/revisions\/3847"}],"wp:featuredmedia":[{"embeddable":true,"href":"https:\/\/www.corwik.com\/fr\/wp-json\/wp\/v2\/media\/3468"}],"wp:attachment":[{"href":"https:\/\/www.corwik.com\/fr\/wp-json\/wp\/v2\/media?parent=3588"}],"curies":[{"name":"wp","href":"https:\/\/api.w.org\/{rel}","templated":true}]}}