{"id":2521,"date":"2025-05-06T14:37:05","date_gmt":"2025-05-06T14:37:05","guid":{"rendered":"https:\/\/www.corwik.com\/creative-studio\/"},"modified":"2025-08-22T12:54:30","modified_gmt":"2025-08-22T12:54:30","slug":"studio-de-creation","status":"publish","type":"page","link":"https:\/\/www.corwik.com\/fr\/studio-de-creation\/","title":{"rendered":"Studio de cr\u00e9ation"},"content":{"rendered":"\t\t<div data-elementor-type=\"wp-page\" data-elementor-id=\"2521\" class=\"elementor elementor-2521 elementor-1752\" data-elementor-post-type=\"page\">\n\t\t\t\t<div class=\"elementor-element elementor-element-389934c e-con-full e-flex e-con e-parent\" data-id=\"389934c\" data-element_type=\"container\" data-settings=\"{&quot;background_background&quot;:&quot;classic&quot;}\">\n\t\t<div class=\"elementor-element elementor-element-1aeabea e-flex e-con-boxed e-con e-child\" data-id=\"1aeabea\" data-element_type=\"container\">\n\t\t\t\t\t<div class=\"e-con-inner\">\n\t\t\t\t\t<\/div>\n\t\t\t\t<\/div>\n\t\t\t\t<\/div>\n\t\t<div class=\"elementor-element elementor-element-94ee64d e-con-full e-flex e-con e-parent\" data-id=\"94ee64d\" data-element_type=\"container\">\n\t\t<div class=\"elementor-element elementor-element-0818126 e-flex e-con-boxed e-con e-child\" data-id=\"0818126\" data-element_type=\"container\">\n\t\t\t\t\t<div class=\"e-con-inner\">\n\t\t<div class=\"elementor-element elementor-element-4f6155a e-con-full e-flex e-con e-child\" data-id=\"4f6155a\" data-element_type=\"container\">\n\t\t<div class=\"elementor-element elementor-element-8efe859 e-con-full e-flex e-con e-child\" data-id=\"8efe859\" data-element_type=\"container\">\n\t\t\t\t<div class=\"elementor-element elementor-element-693c738 elementor-widget__width-initial elementor-hidden-desktop elementor-hidden-tablet elementor-hidden-mobile elementor-widget elementor-widget-heading\" data-id=\"693c738\" data-element_type=\"widget\" data-widget_type=\"heading.default\">\n\t\t\t\t<div class=\"elementor-widget-container\">\n\t\t\t\t\t<h2 class=\"elementor-heading-title elementor-size-default\">La plateforme montr\u00e9alaise de la cr\u00e9ation de mode haut de gamme<\/h2>\t\t\t\t<\/div>\n\t\t\t\t<\/div>\n\t\t\t\t<div class=\"elementor-element elementor-element-64b1fbb elementor-widget elementor-widget-text-editor\" data-id=\"64b1fbb\" data-element_type=\"widget\" data-widget_type=\"text-editor.default\">\n\t\t\t\t<div class=\"elementor-widget-container\">\n\t\t\t\t\t\t\t\t\t<p>Notre studio de cr\u00e9ation est le c\u0153ur de notre innovation en mati\u00e8re de design, o\u00f9 une \u00e9quipe de plus de 75 cr\u00e9atifs d\u00e9vou\u00e9s donne vie \u00e0 la mode haut de gamme. Nous nous sp\u00e9cialisons dans le d\u00e9veloppement d\u2019impressions personnalis\u00e9es, l\u2019approvisionnement en tissus de premi\u00e8re qualit\u00e9 et la cr\u00e9ation de mod\u00e8les \u00e9l\u00e9v\u00e9s qui refl\u00e8tent les derni\u00e8res tendances. Enracin\u00e9s dans une culture de la cr\u00e9ativit\u00e9, nous vivons et respirons le processus de conception, en veillant \u00e0 ce que chaque collection offre un style raffin\u00e9, un savoir-faire de qualit\u00e9 et un attrait pour le march\u00e9.  <\/p>\t\t\t\t\t\t\t\t<\/div>\n\t\t\t\t<\/div>\n\t\t\t\t<\/div>\n\t\t<div class=\"elementor-element elementor-element-d3e9ec4 e-con-full e-flex e-con e-child\" data-id=\"d3e9ec4\" data-element_type=\"container\">\n\t\t\t\t<div class=\"elementor-element elementor-element-6676fe8 elementor-align-left elementor-widget elementor-widget-button\" data-id=\"6676fe8\" data-element_type=\"widget\" data-widget_type=\"button.default\">\n\t\t\t\t<div class=\"elementor-widget-container\">\n\t\t\t\t\t\t\t\t\t<div class=\"elementor-button-wrapper\">\n\t\t\t\t\t<a class=\"elementor-button elementor-button-link elementor-size-sm\" href=\"https:\/\/www.corwik.com\/fr\/contact\/\">\n\t\t\t\t\t\t<span class=\"elementor-button-content-wrapper\">\n\t\t\t\t\t\t<span class=\"elementor-button-icon\">\n\t\t\t\t<svg xmlns=\"http:\/\/www.w3.org\/2000\/svg\" width=\"47\" height=\"47\" viewBox=\"0 0 47 47\" fill=\"none\"><rect width=\"47\" height=\"47\" rx=\"23.5\" fill=\"#C2EDF6\"><\/rect><rect width=\"47\" height=\"47\" rx=\"23.5\" fill=\"white\"><\/rect><path d=\"M16 24L30 24\" stroke=\"#1B1B1B\" stroke-width=\"2\"><\/path><path d=\"M24 17L31 24L24 31\" stroke=\"#1B1B1B\" stroke-width=\"2\"><\/path><\/svg>\t\t\t<\/span>\n\t\t\t\t\t\t\t\t\t<span class=\"elementor-button-text\">Collaborer avec nous<\/span>\n\t\t\t\t\t<\/span>\n\t\t\t\t\t<\/a>\n\t\t\t\t<\/div>\n\t\t\t\t\t\t\t\t<\/div>\n\t\t\t\t<\/div>\n\t\t\t\t<\/div>\n\t\t\t\t<\/div>\n\t\t\t\t<div class=\"elementor-element elementor-element-19e24eb elementor-widget elementor-widget-image\" data-id=\"19e24eb\" data-element_type=\"widget\" data-widget_type=\"image.default\">\n\t\t\t\t<div class=\"elementor-widget-container\">\n\t\t\t\t\t\t\t\t\t\t\t\t\t\t\t<img fetchpriority=\"high\" decoding=\"async\" width=\"2500\" height=\"965\" src=\"https:\/\/www.corwik.com\/wp-content\/uploads\/2025\/07\/fashion-design-hub.png\" class=\"attachment-full size-full wp-image-3382\" alt=\"\" srcset=\"https:\/\/www.corwik.com\/wp-content\/uploads\/2025\/07\/fashion-design-hub.png 2500w, https:\/\/www.corwik.com\/wp-content\/uploads\/2025\/07\/fashion-design-hub-300x116.png 300w, https:\/\/www.corwik.com\/wp-content\/uploads\/2025\/07\/fashion-design-hub-1024x395.png 1024w, https:\/\/www.corwik.com\/wp-content\/uploads\/2025\/07\/fashion-design-hub-768x296.png 768w, https:\/\/www.corwik.com\/wp-content\/uploads\/2025\/07\/fashion-design-hub-1536x593.png 1536w, https:\/\/www.corwik.com\/wp-content\/uploads\/2025\/07\/fashion-design-hub-2048x791.png 2048w\" sizes=\"(max-width: 2500px) 100vw, 2500px\" \/>\t\t\t\t\t\t\t\t\t\t\t\t\t\t\t<\/div>\n\t\t\t\t<\/div>\n\t\t\t\t\t<\/div>\n\t\t\t\t<\/div>\n\t\t\t\t<\/div>\n\t\t<div class=\"elementor-element elementor-element-9b2409f e-con-full e-flex e-con e-parent\" data-id=\"9b2409f\" data-element_type=\"container\">\n\t\t<div class=\"elementor-element elementor-element-512a1f9 e-flex e-con-boxed e-con e-child\" data-id=\"512a1f9\" data-element_type=\"container\">\n\t\t\t\t\t<div class=\"e-con-inner\">\n\t\t<div class=\"elementor-element elementor-element-dea30a2 e-con-full e-flex e-con e-child\" data-id=\"dea30a2\" data-element_type=\"container\">\n\t\t\t\t<div class=\"elementor-element elementor-element-a45bc25 elementor-widget__width-initial elementor-widget elementor-widget-heading\" data-id=\"a45bc25\" data-element_type=\"widget\" data-widget_type=\"heading.default\">\n\t\t\t\t<div class=\"elementor-widget-container\">\n\t\t\t\t\t<h3 class=\"elementor-heading-title elementor-size-default\">L'int\u00e9rieur du studio<br>Le c\u0153ur de la cr\u00e9ation<\/h3>\t\t\t\t<\/div>\n\t\t\t\t<\/div>\n\t\t\t\t<div class=\"elementor-element elementor-element-1e2feec elementor-widget elementor-widget-text-editor\" data-id=\"1e2feec\" data-element_type=\"widget\" data-widget_type=\"text-editor.default\">\n\t\t\t\t<div class=\"elementor-widget-container\">\n\t\t\t\t\t\t\t\t\t<p>D\u00e9couvrez les coulisses de notre espace de cr\u00e9ation, o\u00f9 les croquis, les tissus et l\u2019inspiration s\u2019unissent pour fa\u00e7onner l\u2019avenir de la mode f\u00e9minine. Chaque recoin raconte l\u2019histoire de l\u2019artisanat, de la passion et de la cr\u00e9ation de tendances. <\/p>\t\t\t\t\t\t\t\t<\/div>\n\t\t\t\t<\/div>\n\t\t\t\t<\/div>\n\t\t\t\t\t<\/div>\n\t\t\t\t<\/div>\n\t\t\t\t<\/div>\n\t\t<div class=\"elementor-element elementor-element-959a9eb e-con-full e-flex e-con e-parent\" data-id=\"959a9eb\" data-element_type=\"container\" data-settings=\"{&quot;background_background&quot;:&quot;gradient&quot;}\">\n\t\t<div class=\"elementor-element elementor-element-1e3fd59 e-flex e-con-boxed e-con e-child\" data-id=\"1e3fd59\" data-element_type=\"container\">\n\t\t\t\t\t<div class=\"e-con-inner\">\n\t\t\t\t<div class=\"elementor-element elementor-element-ac6d005 elementor-arrows-position-inside elementor-widget elementor-widget-image-carousel\" data-id=\"ac6d005\" data-element_type=\"widget\" data-settings=\"{&quot;slides_to_show&quot;:&quot;4&quot;,&quot;slides_to_scroll&quot;:&quot;1&quot;,&quot;navigation&quot;:&quot;arrows&quot;,&quot;autoplay_speed&quot;:3000,&quot;image_spacing_custom&quot;:{&quot;unit&quot;:&quot;px&quot;,&quot;size&quot;:40,&quot;sizes&quot;:[]},&quot;autoplay&quot;:&quot;yes&quot;,&quot;pause_on_hover&quot;:&quot;yes&quot;,&quot;pause_on_interaction&quot;:&quot;yes&quot;,&quot;infinite&quot;:&quot;yes&quot;,&quot;speed&quot;:500,&quot;image_spacing_custom_tablet&quot;:{&quot;unit&quot;:&quot;px&quot;,&quot;size&quot;:&quot;&quot;,&quot;sizes&quot;:[]},&quot;image_spacing_custom_mobile&quot;:{&quot;unit&quot;:&quot;px&quot;,&quot;size&quot;:&quot;&quot;,&quot;sizes&quot;:[]}}\" data-widget_type=\"image-carousel.default\">\n\t\t\t\t<div class=\"elementor-widget-container\">\n\t\t\t\t\t\t\t<div class=\"elementor-image-carousel-wrapper swiper\" role=\"region\" aria-roledescription=\"carousel\" aria-label=\"Image Carousel\" dir=\"ltr\">\n\t\t\t<div class=\"elementor-image-carousel swiper-wrapper swiper-image-stretch\" aria-live=\"off\">\n\t\t\t\t\t\t\t\t<div class=\"swiper-slide\" role=\"group\" aria-roledescription=\"slide\" aria-label=\"1 sur 5\"><figure class=\"swiper-slide-inner\"><img decoding=\"async\" class=\"swiper-slide-image\" src=\"https:\/\/www.corwik.com\/wp-content\/uploads\/2025\/07\/inthestudio-img-1.png\" alt=\"inthestudio-img-1\" \/><\/figure><\/div><div class=\"swiper-slide\" role=\"group\" aria-roledescription=\"slide\" aria-label=\"2 sur 5\"><figure class=\"swiper-slide-inner\"><img decoding=\"async\" class=\"swiper-slide-image\" src=\"https:\/\/www.corwik.com\/wp-content\/uploads\/2025\/07\/inthestudio-img-2.png\" alt=\"inthestudio-img-2\" \/><\/figure><\/div><div class=\"swiper-slide\" role=\"group\" aria-roledescription=\"slide\" aria-label=\"3 sur 5\"><figure class=\"swiper-slide-inner\"><img decoding=\"async\" class=\"swiper-slide-image\" src=\"https:\/\/www.corwik.com\/wp-content\/uploads\/2025\/07\/inthestudio-img-3.png\" alt=\"inthestudio-img-3\" \/><\/figure><\/div><div class=\"swiper-slide\" role=\"group\" aria-roledescription=\"slide\" aria-label=\"4 sur 5\"><figure class=\"swiper-slide-inner\"><img decoding=\"async\" class=\"swiper-slide-image\" src=\"https:\/\/www.corwik.com\/wp-content\/uploads\/2025\/07\/inthestudio-img-4.png\" alt=\"inthestudio-img-4\" \/><\/figure><\/div><div class=\"swiper-slide\" role=\"group\" aria-roledescription=\"slide\" aria-label=\"5 sur 5\"><figure class=\"swiper-slide-inner\"><img decoding=\"async\" class=\"swiper-slide-image\" src=\"https:\/\/www.corwik.com\/wp-content\/uploads\/2025\/08\/2H4A5977-gallery.png\" alt=\"2H4A5977-gallery\" \/><\/figure><\/div>\t\t\t<\/div>\n\t\t\t\t\t\t\t\t\t\t\t\t<div class=\"elementor-swiper-button elementor-swiper-button-prev\" role=\"button\" tabindex=\"0\">\n\t\t\t\t\t\t<svg xmlns=\"http:\/\/www.w3.org\/2000\/svg\" width=\"46\" height=\"46\" viewBox=\"0 0 46 46\" fill=\"none\"><rect width=\"46\" height=\"46\" fill=\"#EFEFEF\"><\/rect><path d=\"M28 13L18 22.5L28 32\" stroke=\"#393939\" stroke-width=\"2\"><\/path><\/svg>\t\t\t\t\t<\/div>\n\t\t\t\t\t<div class=\"elementor-swiper-button elementor-swiper-button-next\" role=\"button\" tabindex=\"0\">\n\t\t\t\t\t\t<svg xmlns=\"http:\/\/www.w3.org\/2000\/svg\" width=\"46\" height=\"46\" viewBox=\"0 0 46 46\" fill=\"none\"><rect x=\"46\" y=\"46\" width=\"46\" height=\"46\" transform=\"rotate(-180 46 46)\" fill=\"#EFEFEF\"><\/rect><path d=\"M18 33L28 23.5L18 14\" stroke=\"#393939\" stroke-width=\"2\"><\/path><\/svg>\t\t\t\t\t<\/div>\n\t\t\t\t\n\t\t\t\t\t\t\t\t\t<\/div>\n\t\t\t\t\t\t<\/div>\n\t\t\t\t<\/div>\n\t\t\t\t\t<\/div>\n\t\t\t\t<\/div>\n\t\t\t\t<\/div>\n\t\t<div class=\"elementor-element elementor-element-8c7098c e-con-full elementor-hidden-desktop elementor-hidden-tablet elementor-hidden-mobile e-flex e-con e-parent\" data-id=\"8c7098c\" data-element_type=\"container\" data-settings=\"{&quot;background_background&quot;:&quot;classic&quot;}\">\n\t\t<div class=\"elementor-element elementor-element-ec1ca29 e-flex e-con-boxed e-con e-child\" data-id=\"ec1ca29\" data-element_type=\"container\">\n\t\t\t\t\t<div class=\"e-con-inner\">\n\t\t<div class=\"elementor-element elementor-element-4e47245 e-con-full e-flex e-con e-child\" data-id=\"4e47245\" data-element_type=\"container\">\n\t\t\t\t<div class=\"elementor-element elementor-element-37bf7a8 elementor-widget elementor-widget-heading\" data-id=\"37bf7a8\" data-element_type=\"widget\" data-widget_type=\"heading.default\">\n\t\t\t\t<div class=\"elementor-widget-container\">\n\t\t\t\t\t<h3 class=\"elementor-heading-title elementor-size-default\">Conformit\u00e9 et normes<\/h3>\t\t\t\t<\/div>\n\t\t\t\t<\/div>\n\t\t\t\t<div class=\"elementor-element elementor-element-7bfeee2 elementor-widget elementor-widget-text-editor\" data-id=\"7bfeee2\" data-element_type=\"widget\" data-widget_type=\"text-editor.default\">\n\t\t\t\t<div class=\"elementor-widget-container\">\n\t\t\t\t\t\t\t\t\t<p>Les normes industrielles en mati\u00e8re de production \u00e9thique, de certifications de durabilit\u00e9 et de transparence de la cha\u00eene d&rsquo;approvisionnement sont respect\u00e9es \u00e0 tous les niveaux d&rsquo;activit\u00e9.<\/p>\t\t\t\t\t\t\t\t<\/div>\n\t\t\t\t<\/div>\n\t\t\t\t<\/div>\n\t\t<div class=\"elementor-element elementor-element-950ab6d e-con-full e-flex e-con e-child\" data-id=\"950ab6d\" data-element_type=\"container\">\n\t\t\t\t<div class=\"elementor-element elementor-element-41da02c elementor-widget elementor-widget-image\" data-id=\"41da02c\" data-element_type=\"widget\" data-widget_type=\"image.default\">\n\t\t\t\t<div class=\"elementor-widget-container\">\n\t\t\t\t\t\t\t\t\t\t\t\t\t\t\t<img decoding=\"async\" width=\"1892\" height=\"1450\" src=\"https:\/\/www.corwik.com\/wp-content\/uploads\/2025\/05\/compliance-standards.png\" class=\"attachment-full size-full wp-image-2178\" alt=\"\" srcset=\"https:\/\/www.corwik.com\/wp-content\/uploads\/2025\/05\/compliance-standards.png 1892w, https:\/\/www.corwik.com\/wp-content\/uploads\/2025\/05\/compliance-standards-300x230.png 300w, https:\/\/www.corwik.com\/wp-content\/uploads\/2025\/05\/compliance-standards-1024x785.png 1024w, https:\/\/www.corwik.com\/wp-content\/uploads\/2025\/05\/compliance-standards-768x589.png 768w, https:\/\/www.corwik.com\/wp-content\/uploads\/2025\/05\/compliance-standards-1536x1177.png 1536w\" sizes=\"(max-width: 1892px) 100vw, 1892px\" \/>\t\t\t\t\t\t\t\t\t\t\t\t\t\t\t<\/div>\n\t\t\t\t<\/div>\n\t\t\t\t<\/div>\n\t\t\t\t\t<\/div>\n\t\t\t\t<\/div>\n\t\t\t\t<\/div>\n\t\t\t\t<\/div>\n\t\t","protected":false},"excerpt":{"rendered":"<p>La plateforme montr\u00e9alaise de la cr\u00e9ation de mode haut de gamme Notre studio de cr\u00e9ation est le c\u0153ur de notre innovation en mati\u00e8re de design, o\u00f9 une \u00e9quipe de plus de 75 cr\u00e9atifs d\u00e9vou\u00e9s donne vie \u00e0 la mode haut de gamme. Nous nous sp\u00e9cialisons dans le d\u00e9veloppement d\u2019impressions personnalis\u00e9es, l\u2019approvisionnement en tissus de premi\u00e8re [&hellip;]<\/p>\n","protected":false},"author":3,"featured_media":3436,"parent":0,"menu_order":0,"comment_status":"closed","ping_status":"closed","template":"","meta":{"_acf_changed":false,"footnotes":""},"class_list":["post-2521","page","type-page","status-publish","has-post-thumbnail","hentry"],"acf":[],"_links":{"self":[{"href":"https:\/\/www.corwik.com\/fr\/wp-json\/wp\/v2\/pages\/2521","targetHints":{"allow":["GET"]}}],"collection":[{"href":"https:\/\/www.corwik.com\/fr\/wp-json\/wp\/v2\/pages"}],"about":[{"href":"https:\/\/www.corwik.com\/fr\/wp-json\/wp\/v2\/types\/page"}],"author":[{"embeddable":true,"href":"https:\/\/www.corwik.com\/fr\/wp-json\/wp\/v2\/users\/3"}],"replies":[{"embeddable":true,"href":"https:\/\/www.corwik.com\/fr\/wp-json\/wp\/v2\/comments?post=2521"}],"version-history":[{"count":19,"href":"https:\/\/www.corwik.com\/fr\/wp-json\/wp\/v2\/pages\/2521\/revisions"}],"predecessor-version":[{"id":3834,"href":"https:\/\/www.corwik.com\/fr\/wp-json\/wp\/v2\/pages\/2521\/revisions\/3834"}],"wp:featuredmedia":[{"embeddable":true,"href":"https:\/\/www.corwik.com\/fr\/wp-json\/wp\/v2\/media\/3436"}],"wp:attachment":[{"href":"https:\/\/www.corwik.com\/fr\/wp-json\/wp\/v2\/media?parent=2521"}],"curies":[{"name":"wp","href":"https:\/\/api.w.org\/{rel}","templated":true}]}}