{"id":2496,"date":"2025-05-08T19:45:14","date_gmt":"2025-05-08T19:45:14","guid":{"rendered":"https:\/\/www.corwik.com\/terms-of-service\/"},"modified":"2025-05-08T20:25:23","modified_gmt":"2025-05-08T20:25:23","slug":"terms-of-service","status":"publish","type":"page","link":"https:\/\/www.corwik.com\/fr\/terms-of-service\/","title":{"rendered":"Conditions d\u2019utilisation"},"content":{"rendered":"\t\t<div data-elementor-type=\"wp-page\" data-elementor-id=\"2496\" class=\"elementor elementor-2496 elementor-2469\" data-elementor-post-type=\"page\">\n\t\t\t\t<div class=\"elementor-element elementor-element-e9cec8a e-con-full e-flex e-con e-parent\" data-id=\"e9cec8a\" data-element_type=\"container\" data-settings=\"{&quot;background_background&quot;:&quot;classic&quot;}\">\n\t\t<div class=\"elementor-element elementor-element-7525fc5 e-flex e-con-boxed e-con e-child\" data-id=\"7525fc5\" data-element_type=\"container\">\n\t\t\t\t\t<div class=\"e-con-inner\">\n\t\t\t\t\t<\/div>\n\t\t\t\t<\/div>\n\t\t\t\t<\/div>\n\t\t<div class=\"elementor-element elementor-element-c23be40 e-con-full e-flex e-con e-parent\" data-id=\"c23be40\" data-element_type=\"container\">\n\t\t<div class=\"elementor-element elementor-element-445974d e-flex e-con-boxed e-con e-child\" data-id=\"445974d\" data-element_type=\"container\">\n\t\t\t\t\t<div class=\"e-con-inner\">\n\t\t\t\t<div class=\"elementor-element elementor-element-c3f0108 elementor-widget elementor-widget-text-editor\" data-id=\"c3f0108\" data-element_type=\"widget\" data-widget_type=\"text-editor.default\">\n\t\t\t\t<div class=\"elementor-widget-container\">\n\t\t\t\t\t\t\t\t\t<p>Termes et conditions<\/p><p>Ce qui suit est une documentation juridique. Notre objectif est de la rendre facile \u00e0 comprendre et utile pour vous lorsque vous utilisez le site web de Modes Corwik Collections (ou, en fait, tout autre site web ou sites web li\u00e9s). Parfois, pour des raisons juridiques, il peut s\u2019agir de \u00ab jargon juridique \u00bb, ce qui, nous le comprenons, n\u2019est pas toujours simple. Cependant, cela est n\u00e9cessaire \u2013 en particulier pour votre s\u00e9curit\u00e9, votre vie priv\u00e9e et votre s\u00fbret\u00e9. Par cons\u00e9quent, si vous avez des questions ou des pr\u00e9occupations concernant nos conditions g\u00e9n\u00e9rales, n\u2019h\u00e9sitez pas \u00e0 nous contacter directement. Nous sommes l\u00e0 pour vous aider.     <\/p><p>L&rsquo;accord<\/p><p>Un accord entre vous et nous<\/p><p>Les conditions d\u2019utilisation suivantes constituent un accord (l\u2019\u00ab accord \u00bb) entre Modes Corwik Collections et vous lorsque vous utilisez le site Web officiel de Modes Corwik Collections (le \u00ab site \u00bb). En utilisant le site, vous acceptez de vous conformer \u00e0 l\u2019accord et d\u2019\u00eatre li\u00e9 par celui-ci. Nous nous r\u00e9servons le droit de modifier cet accord \u00e0 tout moment, \u00e0 notre seule discr\u00e9tion et sans pr\u00e9avis. Toute modification de cet accord sera publi\u00e9e sur le site. C\u2019est pourquoi nous vous encourageons \u00e0 consulter l\u2019accord chaque fois que vous utilisez le site. Vous pouvez savoir quand cet accord a \u00e9t\u00e9 modifi\u00e9 pour la derni\u00e8re fois en v\u00e9rifiant la date de \u00ab derni\u00e8re mise \u00e0 jour \u00bb qui appara\u00eet en haut de l\u2019accord. Si vous n\u2019acceptez pas ces conditions, veuillez ne pas utiliser le site web de Modes Corwik Collections : corwik.com.      <\/p><p>Effectuer une transaction sur notre site<\/p><p>Nous nous r\u00e9servons le droit de refuser toute commande que vous nous passez. Nous pouvons, \u00e0 notre enti\u00e8re discr\u00e9tion, limiter ou annuler les quantit\u00e9s achet\u00e9es par personne, par m\u00e9nage ou par commande. Ces restrictions peuvent inclure des commandes pass\u00e9es par ou sous le m\u00eame compte client, la m\u00eame carte de cr\u00e9dit, et\/ou des commandes utilisant la m\u00eame adresse de facturation et\/ou de livraison. En cas de modification ou d\u2019annulation d\u2019une commande, nous nous efforcerons de vous en informer en contactant l\u2019adresse \u00e9lectronique et\/ou l\u2019adresse de facturation\/le num\u00e9ro de t\u00e9l\u00e9phone fournis au moment de la commande. Nous nous r\u00e9servons le droit de limiter ou d\u2019interdire les commandes qui, selon notre seul jugement, semblent \u00eatre pass\u00e9es par des concessionnaires, des revendeurs ou des distributeurs.    <\/p><p>Les prix et la disponibilit\u00e9 peuvent parfois varier<\/p><p>Les articles et les prix sont sujets \u00e0 la disponibilit\u00e9 sur corwik.com. Les articles peuvent faire l\u2019objet d\u2019erreurs de prix, de changements de prix, de retards de livraison et d\u2019une disponibilit\u00e9 limit\u00e9e des stocks. Des restrictions suppl\u00e9mentaires peuvent s\u2019appliquer.  <\/p><p>Les articles en solde sont trait\u00e9s diff\u00e9remment<\/p><p>Il n\u2019y a pas de retour ni d\u2019\u00e9change sur les achats finaux en ligne d\u2019articles sold\u00e9s. L\u2019offre de vente est valable jusqu\u2019\u00e0 nouvel ordre et sous r\u00e9serve de disponibilit\u00e9. Les prix sold\u00e9s refl\u00e8tent les remises avant taxes, frais de port et de manutention. Une remise n\u2019est pas valable pour des achats ant\u00e9rieurs, ni pour des ajustements de prix, ni en conjonction avec d\u2019autres promotions. Des restrictions suppl\u00e9mentaires peuvent s\u2019appliquer.    <\/p><p>Il est convenu que nous pourrions apporter des modifications \u00e0 notre site.<\/p><p>Nous nous r\u00e9servons le droit, \u00e0 tout moment et \u00e0 notre seule discr\u00e9tion, de : modifier, suspendre ou interrompre le contenu de corwik.com, une fonctionnalit\u00e9 ou un produit offert par le biais du Site, avec ou sans pr\u00e9avis ; facturer des frais en rapport avec l\u2019utilisation du Site ; modifier et\/ou renoncer \u00e0 tout frais factur\u00e9 en rapport avec le Site ; et\/ou offrir des opportunit\u00e9s \u00e0 une partie ou \u00e0 l\u2019ensemble des utilisateurs du Site. <\/p><p>Le contenu de notre site appartient \u00e0 Modes Corwik Collections.<\/p><p>Sauf indication contraire, le site et tous les \u00e9l\u00e9ments qu\u2019il contient, y compris les textes, les images, les illustrations, les dessins, les ic\u00f4nes, les photographies, les clips vid\u00e9o et autres \u00e9l\u00e9ments, ainsi que les droits d\u2019auteur, les marques commerciales, les pr\u00e9sentations et\/ou les autres \u00e9l\u00e9ments de propri\u00e9t\u00e9 intellectuelle de ces \u00e9l\u00e9ments (collectivement, le \u00ab contenu \u00bb), sont d\u00e9tenus, contr\u00f4l\u00e9s ou conc\u00e9d\u00e9s sous licence par Modes Corwik Collections.<\/p><p>Aucun contenu n\u2019est destin\u00e9 \u00e0 un usage commercial <\/p><p>Le site et son contenu sont destin\u00e9s uniquement \u00e0 un usage personnel et non commercial. Vous pouvez t\u00e9l\u00e9charger ou copier le contenu affich\u00e9 sur le site pour votre usage personnel uniquement. Aucun droit, titre ou int\u00e9r\u00eat sur le contenu t\u00e9l\u00e9charg\u00e9 ne vous est transf\u00e9r\u00e9 \u00e0 la suite d\u2019un tel t\u00e9l\u00e9chargement ou d\u2019une telle copie. Vous ne pouvez pas reproduire (sauf dans les cas mentionn\u00e9s ci-dessus), publier, transmettre, distribuer, afficher, modifier, cr\u00e9er des \u0153uvres d\u00e9riv\u00e9es, vendre ou exploiter de quelque mani\u00e8re que ce soit le contenu ou le site.   <\/p><p>Les informations personnelles sont couvertes par notre politique de confidentialit\u00e9 <\/p><p>L\u2019envoi d\u2019informations personnelles par l\u2019interm\u00e9diaire du site est r\u00e9gi par notre politique de confidentialit\u00e9, qui peut \u00eatre consult\u00e9e en cliquant sur le lien \u00ab Politique de confidentialit\u00e9 \u00bb situ\u00e9 dans la section du pied de page du site (la \u00ab politique de confidentialit\u00e9 \u00bb). Le pr\u00e9sent accord incorpore par r\u00e9f\u00e9rence les termes et conditions de la politique de confidentialit\u00e9. <\/p><p>Nos produits sont \u00e9galement disponibles chez nos partenaires d\u00e9taillants<\/p><p>La plupart des produits pr\u00e9sent\u00e9s sur le site sont disponibles dans certains magasins partenaires de Modes Corwik Collections au Canada, aux \u00c9tats-Unis et sur d\u2019autres march\u00e9s.<\/p><p>Les taxes sont calcul\u00e9es en fonction de votre adresse de livraison<\/p><p>Les taxes sont bas\u00e9es sur les taux de taxe de vente f\u00e9d\u00e9rale, provinciale et harmonis\u00e9e applicables en fonction de l\u2019adresse de livraison associ\u00e9e \u00e0 votre commande. Le cas \u00e9ch\u00e9ant, la taxe de vente sera \u00e9galement appliqu\u00e9e aux frais d\u2019exp\u00e9dition et de manutention. Si vous retournez un article pour obtenir un remboursement, vous recevrez \u00e9galement un remboursement des taxes de vente que vous avez pay\u00e9es pour cet article.  <\/p><p>Il arrive que des erreurs se produisent<\/p><p>Les taxes sont calcul\u00e9es en fonction de l\u2019adresse de livraison. Il peut arriver que des informations sur notre site contiennent des erreurs typographiques, des inexactitudes ou des omissions concernant la description des produits, les prix, les promotions, les offres et la disponibilit\u00e9. Nous nous r\u00e9servons le droit de corriger toute erreur, inexactitude ou omission et de modifier ou de mettre \u00e0 jour les informations ou d\u2019annuler les commandes si une information sur le site est inexacte, \u00e0 tout moment et sans pr\u00e9avis (y compris apr\u00e8s que vous avez soumis votre commande).  <\/p><p>Les couleurs des produits peuvent varier sur votre \u00e9cran<\/p><p>Nous nous sommes efforc\u00e9s d\u2019afficher aussi pr\u00e9cis\u00e9ment que possible les couleurs de nos produits qui apparaissent sur le site. Nous ne pouvons pas garantir l\u2019exactitude des couleurs sur votre \u00e9cran num\u00e9rique. <\/p><p>Pr\u00e9servez la confidentialit\u00e9 de votre mot de passe et des informations relatives \u00e0 votre compte<\/p><p>Vous \u00eates seul responsable du maintien de la confidentialit\u00e9 de votre mot de passe et des informations relatives \u00e0 votre compte d\u2019utilisateur. Vous devez nous avertir imm\u00e9diatement en cas d\u2019utilisation non autoris\u00e9e connue ou suspect\u00e9e de votre compte d\u2019utilisateur, ou en cas de violation connue ou suspect\u00e9e de la s\u00e9curit\u00e9, y compris la perte, le vol ou la divulgation non autoris\u00e9e de votre mot de passe ou de celui de quelqu\u2019un d\u2019autre. Vous \u00eates seul responsable de toutes les activit\u00e9s qui se d\u00e9roulent sous votre compte d\u2019utilisateur. Vous acceptez de nous informer imm\u00e9diatement de toute utilisation non autoris\u00e9e de votre compte d\u2019utilisateur ou de toute autre violation de la s\u00e9curit\u00e9 dont vous avez connaissance.   <\/p><p>L\u2019avis de non-responsabilit\u00e9<\/p><p>Clause de non-responsabilit\u00e9<\/p><p>L\u2019avis de non-responsabilit\u00e9 ci-dessous est un texte juridique qui traite de la responsabilit\u00e9. Tout comme vous, il est important pour Modes Corwik Collections que nous soyons responsables et que nous rendions des comptes de la bonne mani\u00e8re. Le texte qui suit met l\u2019accent sur ce point afin d\u2019\u00e9viter tout risque pour vous et pour nous.  <\/p><p>Le contenu du site est fourni \u00ab tel quel \u00bb, sans garantie ni condition d\u2019aucune sorte, expresse ou implicite, y compris, mais sans s\u2019y limiter, les garanties de titre, les garanties implicites de qualit\u00e9 marchande, d\u2019ad\u00e9quation \u00e0 un usage particulier ou de non-violation de la propri\u00e9t\u00e9 intellectuelle. Ni Modes Corwik Collections ni aucune de ses soci\u00e9t\u00e9s affili\u00e9es ne garantissent que le site ou toute fonction contenue dans le site sera ininterrompu ou exempt d\u2019erreur, que les d\u00e9fauts seront corrig\u00e9s, ou que le site ou les serveurs qui rendent le site disponible sont exempts de virus ou d\u2019autres composants nuisibles. <\/p><p>Modes Corwik Collections et ses affili\u00e9s d\u00e9clinent express\u00e9ment toute obligation de mettre \u00e0 jour ou de r\u00e9viser le contenu du site, bien que nous puissions modifier le contenu \u00e0 tout moment sans pr\u00e9avis. Vous utilisez le site \u00e0 vos propres risques et vous assumez l\u2019enti\u00e8re responsabilit\u00e9 de tous les co\u00fbts associ\u00e9s \u00e0 votre utilisation du site. French Dressing Jeans et ses soci\u00e9t\u00e9s affili\u00e9es ne sont pas responsables des dommages de quelque nature que ce soit li\u00e9s \u00e0 votre utilisation du site.  <\/p><p>Ni Modes Corwik Collections ni ses soci\u00e9t\u00e9s affili\u00e9es ne d\u00e9clarent ou ne garantissent que le site, ou toute partie de celui-ci, est appropri\u00e9 ou disponible pour utilisation dans une juridiction particuli\u00e8re. Les personnes qui choisissent d\u2019acc\u00e9der au site le font de leur propre initiative et \u00e0 leurs propres risques, et il leur incombe de se conformer \u00e0 toutes les lois, r\u00e8gles et r\u00e9glementations locales. Nous pouvons limiter la disponibilit\u00e9 du site, en tout ou en partie, \u00e0 toute personne, zone g\u00e9ographique ou juridiction de notre choix, \u00e0 tout moment et \u00e0 notre seule discr\u00e9tion.  <\/p><p><b>Limitation de responsabilit\u00e9<\/b><\/p><p>Cette partie de nos conditions g\u00e9n\u00e9rales d\u00e9finit ce dont nous pouvons et ne pouvons pas \u00eatre responsables dans le cadre de l\u2019accord que nous avons conclu avec vous. En fait, elle d\u00e9crit le contexte de tout litige ou d\u00e9saccord \u00e9ventuel (ce qui, nous l\u2019esp\u00e9rons, n\u2019arrivera jamais).  <\/p><p>Vous comprenez et acceptez express\u00e9ment que Modes Corwik Collections et ses affili\u00e9s ne peuvent \u00eatre tenus responsables de tout dommage direct, indirect, accessoire, sp\u00e9cial, cons\u00e9cutif, exemplaire ou punitif, ou de tout autre dommage quel qu\u2019il soit, y compris, mais sans s\u2019y limiter, les dommages pour perte de profits, de client\u00e8le, d\u2019utilisation, de donn\u00e9es ou d\u2019autres pertes intangibles (m\u00eame si nous avons \u00e9t\u00e9 inform\u00e9s de la possibilit\u00e9 de tels dommages), d\u00e9coulant de, ou r\u00e9sultant de, (a) l\u2019utilisation ou l\u2019incapacit\u00e9 d\u2019utiliser les sites ; (b) l\u2019utilisation de tout contenu ou autre mat\u00e9riel sur les sites ou tout site web ou sites web li\u00e9s aux sites, (c) le co\u00fbt de l\u2019approvisionnement en biens et services de substitution r\u00e9sultant de tous biens, donn\u00e9es, informations ou services achet\u00e9s ou obtenus ou de messages re\u00e7us ou de transactions effectu\u00e9es par l\u2019interm\u00e9diaire ou \u00e0 partir des sites ; (d) l\u2019acc\u00e8s non autoris\u00e9 \u00e0 vos transmissions ou donn\u00e9es ou leur alt\u00e9ration ; (e) les d\u00e9clarations ou la conduite de tout tiers sur les sites ; ou (f) toute autre question relative aux sites. En aucun cas notre responsabilit\u00e9 totale envers vous pour tous les dommages, pertes et causes d\u2019action (qu\u2019ils soient contractuels, d\u00e9lictuels (y compris, mais sans s\u2019y limiter, la n\u00e9gligence) ou autres) n\u2019exc\u00e9dera le montant que vous avez pay\u00e9, le cas \u00e9ch\u00e9ant, dans le cadre de votre utilisation des sites. Si vous n\u2019\u00eates pas satisfait d\u2019une partie des sites ou de l\u2019une des pr\u00e9sentes conditions d\u2019utilisation, votre seul et unique recours consiste \u00e0 cesser d\u2019utiliser les sites.        <\/p><p>R\u00e9solution des litiges<\/p><p>Nous convenons que les litiges sont co\u00fbteux, longs et \u00e9puisants. C\u2019est pourquoi nous avons mis en place une proc\u00e9dure pour tenter de r\u00e9soudre et de r\u00e9gler tout probl\u00e8me de la mani\u00e8re la moins douloureuse possible pour vous et pour nous.  <\/p><p>Vous et Modes Corwik Collections acceptez la proc\u00e9dure de r\u00e9solution des litiges suivante : Sauf dans la mesure o\u00f9 la loi applicable l\u2019interdit, en cas de controverse, de r\u00e9clamation, d\u2019action ou de litige d\u00e9coulant de ou li\u00e9 \u00e0 toute transaction effectu\u00e9e sur le site, \u00e0 l\u2019application, \u00e0 l\u2019interpr\u00e9tation ou \u00e0 la validit\u00e9 de cet accord ou de toute partie de celui-ci (\u00ab litige \u00bb), la partie faisant valoir le litige doit d\u2019abord essayer de bonne foi de r\u00e9gler ce litige en fournissant un avis \u00e9crit \u00e0 l\u2019autre partie (par courrier de premi\u00e8re classe ou recommand\u00e9) d\u00e9crivant les faits et les circonstances (y compris toute documentation pertinente) du litige et en accordant \u00e0 la partie destinataire 30 jours pour r\u00e9pondre au litige ou le r\u00e9gler.<\/p><p>La notification doit \u00eatre envoy\u00e9e \u00e0<\/p><p>(1) Modes Corwik Collections, \u00e0 l\u2019adresse suivante 225 Chabanel ouest, suite 200, Montr\u00e9al, Qu\u00e9bec, Canada H2N 2C9<br>(2) \u00e0 vous, \u00e0 votre derni\u00e8re adresse de facturation ou \u00e0 l\u2019adresse de facturation et\/ou d\u2019exp\u00e9dition figurant dans votre profil en ligne.<\/p><p>Dans toute la mesure permise par la loi, vous et Modes Corwik Collections convenez que cette proc\u00e9dure de r\u00e8glement des diff\u00e9rends est une condition pr\u00e9alable qui doit \u00eatre satisfaite avant d\u2019entamer tout litige ou de d\u00e9poser toute r\u00e9clamation contre l\u2019autre partie.<\/p><p>Articles g\u00e9n\u00e9raux<\/p><p>La renonciation \u00e0 une disposition de l\u2019accord ne doit pas \u00eatre consid\u00e9r\u00e9e comme une renonciation \u00e0 une autre disposition ou au droit de Modes Corwik Collections d\u2019exiger le strict respect de chacune des conditions de l\u2019accord. Si une disposition de l\u2019accord est jug\u00e9e inapplicable ou invalide pour quelque raison que ce soit, cette disposition sera dissoci\u00e9e et toutes les autres dispositions resteront pleinement en vigueur. Le pr\u00e9sent accord constitue l\u2019int\u00e9gralit\u00e9 de l\u2019accord conclu entre nous en ce qui concerne votre utilisation des sites.  <\/p><p>Modes Corwik Collections peut c\u00e9der ses droits et obligations en vertu de l\u2019accord. L\u2019accord s\u2019appliquera au profit des successeurs, ayants droit et licenci\u00e9s de Modes Corwik Collections. <\/p><p><b>R\u00e9siliation<\/b><\/p><p>Les pr\u00e9sentes conditions sont en vigueur \u00e0 moins et\/ou jusqu\u2019\u00e0 ce qu\u2019elles soient r\u00e9sili\u00e9es par vous ou par Modes Corwik Collections. Modes Corwik Collections peut \u00e9galement mettre fin \u00e0 la pr\u00e9sente entente en tout temps et sans pr\u00e9avis et, par cons\u00e9quent, vous refuser l\u2019acc\u00e8s au site si, \u00e0 son seul avis, vous ne respectez pas l\u2019une ou l\u2019autre des conditions ou des dispositions de l\u2019entente. Les obligations et responsabilit\u00e9s des parties contract\u00e9es avant la date de r\u00e9siliation survivront \u00e0 la r\u00e9siliation du pr\u00e9sent accord \u00e0 toutes fins utiles.  <\/p>\t\t\t\t\t\t\t\t<\/div>\n\t\t\t\t<\/div>\n\t\t\t\t\t<\/div>\n\t\t\t\t<\/div>\n\t\t\t\t<\/div>\n\t\t\t\t<\/div>\n\t\t","protected":false},"excerpt":{"rendered":"<p>Termes et conditions Ce qui suit est une documentation juridique. Notre objectif est de la rendre facile \u00e0 comprendre et utile pour vous lorsque vous utilisez le site web de Modes Corwik Collections (ou, en fait, tout autre site web ou sites web li\u00e9s). Parfois, pour des raisons juridiques, il peut s\u2019agir de \u00ab jargon [&hellip;]<\/p>\n","protected":false},"author":3,"featured_media":0,"parent":0,"menu_order":0,"comment_status":"closed","ping_status":"closed","template":"","meta":{"_acf_changed":false,"footnotes":""},"class_list":["post-2496","page","type-page","status-publish","hentry"],"acf":[],"_links":{"self":[{"href":"https:\/\/www.corwik.com\/fr\/wp-json\/wp\/v2\/pages\/2496","targetHints":{"allow":["GET"]}}],"collection":[{"href":"https:\/\/www.corwik.com\/fr\/wp-json\/wp\/v2\/pages"}],"about":[{"href":"https:\/\/www.corwik.com\/fr\/wp-json\/wp\/v2\/types\/page"}],"author":[{"embeddable":true,"href":"https:\/\/www.corwik.com\/fr\/wp-json\/wp\/v2\/users\/3"}],"replies":[{"embeddable":true,"href":"https:\/\/www.corwik.com\/fr\/wp-json\/wp\/v2\/comments?post=2496"}],"version-history":[{"count":2,"href":"https:\/\/www.corwik.com\/fr\/wp-json\/wp\/v2\/pages\/2496\/revisions"}],"predecessor-version":[{"id":2498,"href":"https:\/\/www.corwik.com\/fr\/wp-json\/wp\/v2\/pages\/2496\/revisions\/2498"}],"wp:attachment":[{"href":"https:\/\/www.corwik.com\/fr\/wp-json\/wp\/v2\/media?parent=2496"}],"curies":[{"name":"wp","href":"https:\/\/api.w.org\/{rel}","templated":true}]}}